{"id":69,"date":"2019-02-21T14:21:04","date_gmt":"2019-02-21T14:21:04","guid":{"rendered":"http:\/\/172.16.16.29\/?page_id=69"},"modified":"2019-06-16T19:47:36","modified_gmt":"2019-06-16T17:47:36","slug":"mevzuat","status":"publish","type":"page","link":"https:\/\/uzem.idu.edu.tr\/index.php\/mevzuat\/","title":{"rendered":"Mevzuat"},"content":{"rendered":"<section class=\"kc-elm kc-css-956594 kc_row\"><div class=\"kc-row-container  kc-container\"><div class=\"kc-wrap-columns\"><div class=\"kc-elm kc-css-282646 kc_col-sm-12 kc_column kc_col-sm-12\"><div class=\"kc-col-container\"><div class=\"kc-elm kc-css-923124 kc_text_block\"><\/p>\n<h4 style=\"color: black;\">\u0130zmir Demokrasi \u00dcniversitesi Uzaktan E\u011fitim Uygulama ve Ara\u015ft\u0131rma Merkezi Y\u00f6netmeli\u011fi i\u00e7in <a href=\"https:\/\/uzem.idu.edu.tr\/wp-content\/uploads\/2019\/05\/IDU_UZEM-Y\u00f6netmelik.pdf\" target=\"_blank\" rel=\"noopener\">t\u0131klay\u0131n\u0131z.<\/a><\/h4>\n<p>\n<\/div><\/div><\/div><\/div><\/div><\/section>\n","protected":false},"excerpt":{"rendered":"","protected":false},"author":1,"featured_media":0,"parent":0,"menu_order":0,"comment_status":"closed","ping_status":"closed","template":"","meta":{"footnotes":""},"class_list":["post-69","page","type-page","status-publish","hentry"],"_links":{"self":[{"href":"https:\/\/uzem.idu.edu.tr\/index.php\/wp-json\/wp\/v2\/pages\/69","targetHints":{"allow":["GET"]}}],"collection":[{"href":"https:\/\/uzem.idu.edu.tr\/index.php\/wp-json\/wp\/v2\/pages"}],"about":[{"href":"https:\/\/uzem.idu.edu.tr\/index.php\/wp-json\/wp\/v2\/types\/page"}],"author":[{"embeddable":true,"href":"https:\/\/uzem.idu.edu.tr\/index.php\/wp-json\/wp\/v2\/users\/1"}],"replies":[{"embeddable":true,"href":"https:\/\/uzem.idu.edu.tr\/index.php\/wp-json\/wp\/v2\/comments?post=69"}],"version-history":[{"count":7,"href":"https:\/\/uzem.idu.edu.tr\/index.php\/wp-json\/wp\/v2\/pages\/69\/revisions"}],"predecessor-version":[{"id":2017,"href":"https:\/\/uzem.idu.edu.tr\/index.php\/wp-json\/wp\/v2\/pages\/69\/revisions\/2017"}],"wp:attachment":[{"href":"https:\/\/uzem.idu.edu.tr\/index.php\/wp-json\/wp\/v2\/media?parent=69"}],"curies":[{"name":"wp","href":"https:\/\/api.w.org\/{rel}","templated":true}]}}