{"id":410,"date":"2017-08-07T05:12:28","date_gmt":"2017-08-07T05:12:28","guid":{"rendered":"http:\/\/rushmore.wpcolorlab.com\/?page_id=410"},"modified":"2019-09-09T13:08:32","modified_gmt":"2019-09-09T11:08:32","slug":"conferences-and-talks","status":"publish","type":"page","link":"https:\/\/uzem.idu.edu.tr\/index.php\/conferences-and-talks\/","title":{"rendered":"Ortak Dersler"},"content":{"rendered":"<section class=\"kc-elm kc-css-869722 kc_row\"><div class=\"kc-row-container  kc-container\"><div class=\"kc-wrap-columns\"><div class=\"kc-elm kc-css-827921 kc_col-sm-12 kc_column kc_col-sm-12\"><div class=\"kc-col-container\"><div class=\"kc-elm kc-css-437214 kc_text_block\"><\/p>\n<p>2019-2020 G\u00fcz d\u00f6neminden itibaren 32 lisans ve 2 \u00f6nlisans program\u0131nda yer alan Yabanc\u0131 Dil I-II, T\u00fcrk Dili I-II ve Atat\u00fcrk \u0130lkeleri ve \u0130nk\u0131lap Tarihi I-II dersleri uzaktan e\u011fitim y\u00f6ntemiyle verilecektir. Bu derslerin e-\u00f6\u011frenme i\u00e7eriklerinin haz\u0131rl\u0131klar\u0131 h\u0131zla devam etmektedir. G\u00fcz d\u00f6neminin ba\u015flamas\u0131yla \u00f6\u011frencilerilerimiz bu i\u00e7eriklere eDers e\u011fitim portal\u0131m\u0131zdan ula\u015fabileceklerdir.&nbsp;<\/p>\n<\/p>\n<p>\n<\/div><\/div><\/div><\/div><\/div><\/section>\n","protected":false},"excerpt":{"rendered":"","protected":false},"author":1,"featured_media":2046,"parent":0,"menu_order":0,"comment_status":"closed","ping_status":"closed","template":"","meta":{"footnotes":""},"class_list":["post-410","page","type-page","status-publish","has-post-thumbnail","hentry"],"_links":{"self":[{"href":"https:\/\/uzem.idu.edu.tr\/index.php\/wp-json\/wp\/v2\/pages\/410","targetHints":{"allow":["GET"]}}],"collection":[{"href":"https:\/\/uzem.idu.edu.tr\/index.php\/wp-json\/wp\/v2\/pages"}],"about":[{"href":"https:\/\/uzem.idu.edu.tr\/index.php\/wp-json\/wp\/v2\/types\/page"}],"author":[{"embeddable":true,"href":"https:\/\/uzem.idu.edu.tr\/index.php\/wp-json\/wp\/v2\/users\/1"}],"replies":[{"embeddable":true,"href":"https:\/\/uzem.idu.edu.tr\/index.php\/wp-json\/wp\/v2\/comments?post=410"}],"version-history":[{"count":4,"href":"https:\/\/uzem.idu.edu.tr\/index.php\/wp-json\/wp\/v2\/pages\/410\/revisions"}],"predecessor-version":[{"id":2049,"href":"https:\/\/uzem.idu.edu.tr\/index.php\/wp-json\/wp\/v2\/pages\/410\/revisions\/2049"}],"wp:featuredmedia":[{"embeddable":true,"href":"https:\/\/uzem.idu.edu.tr\/index.php\/wp-json\/wp\/v2\/media\/2046"}],"wp:attachment":[{"href":"https:\/\/uzem.idu.edu.tr\/index.php\/wp-json\/wp\/v2\/media?parent=410"}],"curies":[{"name":"wp","href":"https:\/\/api.w.org\/{rel}","templated":true}]}}