{"id":2653,"date":"2020-04-18T01:05:21","date_gmt":"2020-04-17T23:05:21","guid":{"rendered":"http:\/\/uzem.idu.edu.tr\/?page_id=2653"},"modified":"2020-11-17T16:09:40","modified_gmt":"2020-11-17T14:09:40","slug":"ogrenciler-icin-microsoft-teams-kullanimi","status":"publish","type":"page","link":"https:\/\/uzem.idu.edu.tr\/index.php\/ogrenciler-icin-microsoft-teams-kullanimi\/","title":{"rendered":"\u00d6\u011frenciler i\u00e7in MS Teams"},"content":{"rendered":"<div class=\"contact-information-content-inner\">\n<div class=\"page-text\">\n<p>De\u011ferli \u00d6\u011frenciler,<\/p>\n<p>Microsoft Teams\u00a0 arac\u0131l\u0131\u011f\u0131yla ders materyaline (dosya, video vs.) ula\u015fabilir, duyuru ve mesajlar\u0131 takip edebilir, dersinizle ilgili tan\u0131mlanm\u0131\u015f \u00f6devleri sisteme y\u00fckleyebilir ve \u00f6\u011fretim eleman\u0131n\u0131n\u00a0 canl\u0131 ders oturumlar\u0131na kat\u0131labilirsiniz.<\/p>\n<p>Microsoft Teams program\u0131na giri\u015f ve kullan\u0131m\u0131 ile ilgili 3 y\u00f6ntem bulunmaktad\u0131r.\u00a0 \u00d6\u011frenciler kendilerine uygun olan y\u00f6ntemi tercih edebilir. Bu y\u00f6ntemler:<\/p>\n<p>Y\u00f6ntem 1: Web Taray\u0131c\u0131 Kullan\u0131lmas\u0131 (Chrome, Mozilla vb.)<\/p>\n<p>Y\u00f6ntem 2: Microsoft Teams Program\u0131n\u0131 Bilgisayar\u0131n\u0131za\u00a0 \u0130ndirilerek \u00c7al\u0131\u015ft\u0131r\u0131lmas\u0131<\/p>\n<p>Y\u00f6ntem 3: Microsoft Teams\u00a0 Mobil Uygulamas\u0131 (AppleStore ve Google Play Store)<\/p>\n<p>Microsoft Teams\u00a0 sistemine<strong>\u00a0kullan\u0131c\u0131 ad\u0131 ve \u015fifresi<\/strong>\u00a0ile birlikte giri\u015f yapabilirsiniz.<\/p>\n<p><strong>2017 Giri\u015fli olanlar<\/strong><\/p>\n<p><em>Kullan\u0131c\u0131 ad\u0131:<\/em>\u00a0ad.soyad@idu.edu.tr<\/p>\n<p><em>\u015eifre\u00a0\u00a0\u00a0\u00a0\u00a0\u00a0\u00a0\u00a0\u00a0\u00a0\u00a0\u00a0\u00a0 :\u00a0<\/em>\u00a0\u00a0\u00a0<strong>TCK\u0130ML\u0130K<\/strong>IDU@<\/p>\n<p><strong>2018, 2019 ve 2020 Giri\u015fli olanlar<\/strong><\/p>\n<p><em>Kullan\u0131c\u0131 ad\u0131:<\/em>\u00a0ogrencino@std.idu.edu.tr<\/p>\n<p><em>\u015eifre\u00a0\u00a0\u00a0\u00a0\u00a0\u00a0\u00a0\u00a0\u00a0\u00a0\u00a0\u00a0\u00a0 :\u00a0<\/em>\u00a0\u00a0\u00a0\u00a0\u00a0<strong>TCK\u0130ML\u0130K<\/strong>IDU@<\/p>\n<\/div>\n<p>&nbsp;<\/p>\n<\/div>\n<h4><strong>Y\u00f6ntem 1 :\u00a0Web Taray\u0131c\u0131 Kullan\u0131lmas\u0131 (Chrome, Mozilla vb.)<\/strong><\/h4>\n<p><strong>Ad\u0131m 1<\/strong>-A\u015fa\u011f\u0131daki linki t\u0131klayarak Oturumu a\u00e7arak t\u0131klan\u0131r<\/p>\n<p><a href=\"https:\/\/products.office.com\/tr-tr\/microsoft-teams\/group-chat-software\">https:\/\/products.office.com\/tr-tr\/microsoft-teams\/group-chat-software<\/a><\/p>\n<p><strong>Ad\u0131m 2<\/strong>\u2013 Oturum a\u00e7\u0131n ekran\u0131nda \u00f6nce kullan\u0131c\u0131 ad\u0131 sonra \u015fifrenizi yazarak giri\u015f yap\u0131n\u0131z.<\/p>\n<p><strong>2017 Giri\u015fli olanlar<\/strong><\/p>\n<p><em>Kullan\u0131c\u0131 ad\u0131:<\/em>\u00a0ad.soyad@idu.edu.tr<\/p>\n<p><em>\u015eifre\u00a0\u00a0\u00a0\u00a0\u00a0\u00a0\u00a0\u00a0\u00a0\u00a0\u00a0\u00a0\u00a0 :\u00a0<\/em>\u00a0\u00a0\u00a0<strong>TCK\u0130ML\u0130K<\/strong>IDU@<\/p>\n<p><strong>2018, 2019 ve 2020 Giri\u015fli olanlar<\/strong><\/p>\n<p><em>Kullan\u0131c\u0131 ad\u0131:<\/em>\u00a0ogrencino@std.idu.edu.tr<\/p>\n<p><em>\u015eifre\u00a0\u00a0\u00a0\u00a0\u00a0\u00a0\u00a0\u00a0\u00a0\u00a0\u00a0\u00a0\u00a0 :\u00a0<\/em>\u00a0\u00a0\u00a0\u00a0\u00a0<strong>TCK\u0130ML\u0130K<\/strong>IDU@<\/p>\n<p><a href=\"https:\/\/uzem.idu.edu.tr\/index.php\/ogrenciler-icin-microsoft-teams-kullanimi\/ogrenciteamsgiris\/\" rel=\"attachment wp-att-2661\"><img loading=\"lazy\" decoding=\"async\" class=\"alignnone size-medium wp-image-2661\" src=\"https:\/\/uzem.idu.edu.tr\/wp-content\/uploads\/2020\/04\/ogrenciteamsgiris-300x266.png\" alt=\"\" width=\"300\" height=\"266\" srcset=\"https:\/\/uzem.idu.edu.tr\/wp-content\/uploads\/2020\/04\/ogrenciteamsgiris-300x266.png 300w, https:\/\/uzem.idu.edu.tr\/wp-content\/uploads\/2020\/04\/ogrenciteamsgiris.png 740w\" sizes=\"auto, (max-width: 300px) 100vw, 300px\" \/><\/a><\/p>\n<p><a href=\"https:\/\/uzem.idu.edu.tr\/index.php\/ogrenciler-icin-microsoft-teams-kullanimi\/sifreogrenciteams\/\" rel=\"attachment wp-att-2662\"><img loading=\"lazy\" decoding=\"async\" class=\"alignnone size-medium wp-image-2662\" src=\"https:\/\/uzem.idu.edu.tr\/wp-content\/uploads\/2020\/04\/sifreogrenciteams-300x288.png\" alt=\"\" width=\"300\" height=\"288\" srcset=\"https:\/\/uzem.idu.edu.tr\/wp-content\/uploads\/2020\/04\/sifreogrenciteams-300x288.png 300w, https:\/\/uzem.idu.edu.tr\/wp-content\/uploads\/2020\/04\/sifreogrenciteams.png 710w\" sizes=\"auto, (max-width: 300px) 100vw, 300px\" \/><\/a><\/p>\n<p><strong>Ad\u0131m 3-<\/strong>\u00a0 Kullan\u0131c\u0131 ve \u015fifre do\u011fruland\u0131ktan sonra derslere\u00a0 Ekipler\u00a0 men\u00fcs\u00fcnden ula\u015fabilirsiniz.<\/p>\n<p><a href=\"https:\/\/uzem.idu.edu.tr\/index.php\/ogrenciler-icin-microsoft-teams-kullanimi\/ogrenci-login\/\" rel=\"attachment wp-att-2663\"><img loading=\"lazy\" decoding=\"async\" class=\"alignnone size-medium wp-image-2663\" src=\"https:\/\/uzem.idu.edu.tr\/wp-content\/uploads\/2020\/04\/ogrenci-login-300x172.png\" alt=\"\" width=\"300\" height=\"172\" srcset=\"https:\/\/uzem.idu.edu.tr\/wp-content\/uploads\/2020\/04\/ogrenci-login-300x172.png 300w, https:\/\/uzem.idu.edu.tr\/wp-content\/uploads\/2020\/04\/ogrenci-login-1024x587.png 1024w, https:\/\/uzem.idu.edu.tr\/wp-content\/uploads\/2020\/04\/ogrenci-login-768x440.png 768w, https:\/\/uzem.idu.edu.tr\/wp-content\/uploads\/2020\/04\/ogrenci-login.png 1198w\" sizes=\"auto, (max-width: 300px) 100vw, 300px\" \/><\/a><\/p>\n<h4><strong>Y\u00f6ntem 2: Microsoft Teams Program\u0131n\u0131 Bilgisayar\u0131n\u0131za\u00a0 \u0130ndirilerek \u00c7al\u0131\u015ft\u0131r\u0131lmas\u0131<\/strong><\/h4>\n<p><strong>Ad\u0131m 1<\/strong>\u2013 E\u011fer ilk defa giri\u015f yap\u0131yorsan\u0131z, Teams size program\u0131n\u0131n uygulamas\u0131n\u0131\u00a0 bilgisayara indirmesini \u00f6nermektedir. \u0130ndirmeniz tavsiye edilir.<\/p>\n<p>Ayr\u0131ca indirmek isterseniz. A\u015fa\u011f\u0131daki linki t\u0131klaman\u0131z yeterlidir.<\/p>\n<p><a href=\"https:\/\/products.office.com\/tr-tr\/microsoft-teams\/download-app#desktopAppDownloadregion\">https:\/\/products.office.com\/tr-tr\/microsoft-teams\/download-app#desktopAppDownloadregion<\/a><\/p>\n<p><strong>Ad\u0131m 2-<\/strong>\u00a0Dosya bilgisayara kay\u0131t edilir.<\/p>\n<p><strong>Ad\u0131m 3-<\/strong>Uygulama kurmak i\u00e7in \u00e7al\u0131\u015ft\u0131r\u0131l\u0131r.<\/p>\n<p><strong>Ad\u0131m 4-\u00a0<\/strong>Kullan\u0131c\u0131 Ad\u0131n\u0131z ve \u015eifreniz ile giri\u015f yapabilirsiniz.<\/p>\n<p><img loading=\"lazy\" decoding=\"async\" class=\"alignnone size-medium wp-image-2665\" src=\"https:\/\/uzem.idu.edu.tr\/wp-content\/uploads\/2020\/04\/teamsegir-260x300.jpg\" alt=\"\" width=\"260\" height=\"300\" srcset=\"https:\/\/uzem.idu.edu.tr\/wp-content\/uploads\/2020\/04\/teamsegir-260x300.jpg 260w, https:\/\/uzem.idu.edu.tr\/wp-content\/uploads\/2020\/04\/teamsegir.jpg 600w\" sizes=\"auto, (max-width: 260px) 100vw, 260px\" \/><\/p>\n<p><strong>2017 Giri\u015fli olanlar<\/strong><\/p>\n<p><em>Kullan\u0131c\u0131 ad\u0131:<\/em>\u00a0ad.soyad@idu.edu.tr<\/p>\n<p><em>\u015eifre\u00a0\u00a0\u00a0\u00a0\u00a0\u00a0\u00a0\u00a0\u00a0\u00a0\u00a0\u00a0\u00a0 :\u00a0<\/em>\u00a0\u00a0\u00a0<strong>TCK\u0130ML\u0130K<\/strong>IDU@<\/p>\n<p>&nbsp;<\/p>\n<p><strong>2018, 2019 ve 2020 Giri\u015fli olanlar<\/strong><\/p>\n<p><em>Kullan\u0131c\u0131 ad\u0131:<\/em>\u00a0ogrencino@std.idu.edu.tr<\/p>\n<p><em>\u015eifre\u00a0\u00a0\u00a0\u00a0\u00a0\u00a0\u00a0\u00a0\u00a0\u00a0\u00a0\u00a0\u00a0 :\u00a0<\/em>\u00a0\u00a0\u00a0\u00a0\u00a0<strong>TCK\u0130ML\u0130K<\/strong>IDU@<\/p>\n<p>&nbsp;<\/p>\n<h4><strong>Y\u00f6ntem 3: Microsoft Teams\u00a0 Mobil Uygulamas\u0131 (AppleStore ve Google Play Store)<\/strong><\/h4>\n<p>Mobil ugulama olarak Google Play veya Apple Store\u2019dan indirip kullanabilirisiniz.<\/p>\n<p>Mobilde de kullan\u0131c\u0131 ad\u0131 ve \u015fifreniz ile giri\u015f yapabilirsiniz<\/p>\n<p>&nbsp;<\/p>\n<p><strong>2017 Giri\u015fli olanlar<\/strong><\/p>\n<p><em>Kullan\u0131c\u0131 ad\u0131:<\/em>\u00a0ad.soyad@idu.edu.tr<\/p>\n<p><em>\u015eifre\u00a0\u00a0\u00a0\u00a0\u00a0\u00a0\u00a0\u00a0\u00a0\u00a0\u00a0\u00a0\u00a0 :\u00a0<\/em>\u00a0\u00a0\u00a0<strong>TCK\u0130ML\u0130K<\/strong>IDU@<\/p>\n<p>&nbsp;<\/p>\n<p><strong>2018, 2019 ve 2020 Giri\u015fli olanlar<\/strong><\/p>\n<p><em>Kullan\u0131c\u0131 ad\u0131:<\/em>\u00a0ogrencino@std.idu.edu.tr<\/p>\n<p><em>\u015eifre\u00a0\u00a0\u00a0\u00a0\u00a0\u00a0\u00a0\u00a0\u00a0\u00a0\u00a0\u00a0\u00a0 :\u00a0<\/em>\u00a0\u00a0\u00a0\u00a0\u00a0<strong>TCK\u0130ML\u0130K<\/strong>IDU@<\/p>\n<p>&nbsp;<\/p>\n<p>&nbsp;<\/p>\n<p><strong>Dersin kay\u0131tl\u0131 videolar\u0131na\u00a0<a href=\"https:\/\/web.microsoftstream.com\/\">https:\/\/web.microsoftstream.com\/\u00a0<\/a>adresinden ula\u015fabilrsiniz<\/strong><\/p>\n<p>Daha fazla ayr\u0131nt\u0131 ve e\u011fitim i\u00e7in Microssoft Teams Video E\u011fitimlerinden Yararlanabilirsiniz. Video e\u011fitimleri i\u00e7in\u00a0<a href=\"https:\/\/support.office.com\/tr-tr\/article\/microsoft-teams-video-e%C4%9Fitimi-4f108e54-240b-4351-8084-b1089f0d21d7?ui=tr-TR&amp;rs=tr-TR&amp;ad=TR\">T\u0131klay\u0131n\u0131z<\/a><\/p>\n<p>Eri\u015fim problemi ya\u015fayan \u00f6\u011frencilerimiz<\/p>\n<p><strong>bilgi.islem@idu.edu.tr<\/strong>\u00a0\u00a0\u00a0\u00a0\u00a0 eposta ile yard\u0131m alabilirler.<\/p>\n","protected":false},"excerpt":{"rendered":"<p>De\u011ferli \u00d6\u011frenciler, Microsoft Teams\u00a0 arac\u0131l\u0131\u011f\u0131yla ders materyaline (dosya, video vs.) ula\u015fabilir, duyuru ve mesajlar\u0131 takip edebilir, dersinizle ilgili tan\u0131mlanm\u0131\u015f \u00f6devleri sisteme y\u00fckleyebilir ve \u00f6\u011fretim eleman\u0131n\u0131n\u00a0 canl\u0131 ders oturumlar\u0131na kat\u0131labilirsiniz. Microsoft Teams program\u0131na giri\u015f ve kullan\u0131m\u0131 ile ilgili 3 y\u00f6ntem bulunmaktad\u0131r.\u00a0 \u00d6\u011frenciler kendilerine uygun olan y\u00f6ntemi tercih edebilir. Bu y\u00f6ntemler: Y\u00f6ntem 1: Web Taray\u0131c\u0131 Kullan\u0131lmas\u0131 (Chrome, [&hellip;]<\/p>\n","protected":false},"author":3,"featured_media":0,"parent":0,"menu_order":0,"comment_status":"closed","ping_status":"closed","template":"","meta":{"footnotes":""},"class_list":["post-2653","page","type-page","status-publish","hentry"],"_links":{"self":[{"href":"https:\/\/uzem.idu.edu.tr\/index.php\/wp-json\/wp\/v2\/pages\/2653","targetHints":{"allow":["GET"]}}],"collection":[{"href":"https:\/\/uzem.idu.edu.tr\/index.php\/wp-json\/wp\/v2\/pages"}],"about":[{"href":"https:\/\/uzem.idu.edu.tr\/index.php\/wp-json\/wp\/v2\/types\/page"}],"author":[{"embeddable":true,"href":"https:\/\/uzem.idu.edu.tr\/index.php\/wp-json\/wp\/v2\/users\/3"}],"replies":[{"embeddable":true,"href":"https:\/\/uzem.idu.edu.tr\/index.php\/wp-json\/wp\/v2\/comments?post=2653"}],"version-history":[{"count":12,"href":"https:\/\/uzem.idu.edu.tr\/index.php\/wp-json\/wp\/v2\/pages\/2653\/revisions"}],"predecessor-version":[{"id":2710,"href":"https:\/\/uzem.idu.edu.tr\/index.php\/wp-json\/wp\/v2\/pages\/2653\/revisions\/2710"}],"wp:attachment":[{"href":"https:\/\/uzem.idu.edu.tr\/index.php\/wp-json\/wp\/v2\/media?parent=2653"}],"curies":[{"name":"wp","href":"https:\/\/api.w.org\/{rel}","templated":true}]}}