{"id":2147,"date":"2020-01-08T11:49:16","date_gmt":"2020-01-08T09:49:16","guid":{"rendered":"http:\/\/uzem.idu.edu.tr\/?page_id=2147"},"modified":"2020-01-08T12:45:12","modified_gmt":"2020-01-08T10:45:12","slug":"robotik-kodlama-egitici-egitimi","status":"publish","type":"page","link":"https:\/\/uzem.idu.edu.tr\/index.php\/robotik-kodlama-egitici-egitimi\/","title":{"rendered":"Robotik Kodlama E\u011fitici E\u011fitimi"},"content":{"rendered":"<p style=\"overflow:visible\"><img loading=\"lazy\" decoding=\"async\" class=\"wp-image-2152 size-full\" style=\"float: right;\" src=\"https:\/\/uzem.idu.edu.tr\/wp-content\/uploads\/2020\/01\/h600_robotikegiticiegitimi.png\" alt=\"\" width=\"424\" height=\"600\" srcset=\"https:\/\/uzem.idu.edu.tr\/wp-content\/uploads\/2020\/01\/h600_robotikegiticiegitimi.png 424w, https:\/\/uzem.idu.edu.tr\/wp-content\/uploads\/2020\/01\/h600_robotikegiticiegitimi-212x300.png 212w\" sizes=\"auto, (max-width: 424px) 100vw, 424px\" \/>\n<\/p>\n<ol>\n<li><strong>E\u011e\u0130T\u0130M PROGRAMININ AMACI:<\/strong> Bu e\u011fitimin amac\u0131, kat\u0131l\u0131mc\u0131lara temel d\u00fczeyde robotik kodlama becerisinin kazand\u0131r\u0131lmas\u0131d\u0131r.<\/li>\n<li><strong>E\u011e\u0130T\u0130M PROGRAMININ S\u00dcRES\u0130:<\/strong> E\u011fitimler haftal\u0131k 4 saat \u00e7evrimi\u00e7i olmak \u00fczere, 8 hafta s\u00fcresince toplam 32 saattir.<\/li>\n<li><strong>E\u011e\u0130T\u0130M PROGRAMININ TAR\u0130H\u0130: <\/strong>\n<ol>\n<li style=\"list-style-type: none;\">\n<ol>\n<li>Kay\u0131t ve E\u011fitim Harc\u0131n\u0131n\/\u00dccretinin \u00d6denece\u011fi Son Tarih: &#8211;<\/li>\n<li>E\u011fitim Tarihi: &#8211;<\/li>\n<\/ol>\n<\/li>\n<\/ol>\n<ol>\n<li>E\u011fitim Saatleri: &#8211;<\/li>\n<\/ol>\n<\/li>\n<li><strong>E\u011e\u0130T\u0130M PROGRAMININ YER\u0130: <\/strong>Dersler, internet \u00fczerinden sanal s\u0131n\u0131f ortam\u0131nda canl\u0131 olarak y\u00fcr\u00fct\u00fclecektir.<\/li>\n<li><strong>E\u011e\u0130T\u0130M PROGRAMINA KATILIM \u00dcCRET\u0130:<\/strong> 800 TL (KDV Dahil)<br \/>\n(\u0130D\u00dc Personeli e\u015f ve \u00e7ocuklar\u0131, \u0130D\u00dc \u00f6\u011frencileri, \u015fehit, gazi ailesi ve \u00e7ocuklar\u0131na ve engellilere %20 indirim uygulan\u0131r)\u0130zmir Demokrasi \u00dcniversitesi D\u00f6ner Sermaye \u0130\u015fletme M\u00fcd\u00fcrl\u00fc\u011f\u00fc Ziraat Bankas\u0131 Fahrettin Altay\/\u0130zmir \u015eubesi (\u015eube Kodu: 1533)<br \/>\n1533-87769481-5005<br \/>\nTR48 0001 0015 3387 7694 8150 05\u0130steyen adaylar e\u011fitim harc\u0131n\u0131\/\u00fccretini https:\/\/idusem.idu.edu.tr\/index.php\/hostodeme\/ adresindeki SANAL POS\u2019tan kredi kart\u0131yla \u00f6deyebilirler. \u00d6demelerin EFT y\u00f6ntemiyle yap\u0131lmas\u0131 durumunda dekontun a\u00e7\u0131klama k\u0131sm\u0131na ba\u015fvurulan e\u011fitim program\u0131n\u0131n ad\u0131, kat\u0131l\u0131mc\u0131n\u0131n ad, soyad\u0131 ve T.C Kimlik Numaras\u0131n\u0131n yaz\u0131lmas\u0131 ve dekontun bir kopyas\u0131n\u0131n sem@idu.edu.tr adresine mail yoluyla g\u00f6nderilmesi gerekmektedir.<\/li>\n<li><strong>E\u011e\u0130T\u0130M PROGRAMINA DEVAM ZORUNLULU\u011eU: <\/strong>\u0130D\u00dcSEM mevzuat\u0131 gere\u011fi % 80 devam zorunlu\u011fu vard\u0131r.<\/li>\n<li><strong>E\u011e\u0130T\u0130M PROGRAMININ \u0130\u00c7ER\u0130\u011e\u0130:<\/strong>\n<ol>\n<li>Hafta: Arduino kart\u0131n\u0131 tan\u0131t\u0131lmas\u0131, programlar\u0131n\u0131 kurulmas\u0131<\/li>\n<li>Hafta: Arduino kart programlama y\u00f6ntemleri<\/li>\n<li>Hafta: Blok kodlama ile arduino kullan\u0131m\u0131<\/li>\n<li>Hafta: Temel elektronik ve led devresi olu\u015fturma<\/li>\n<li>Hafta: Potansiyometre, buton, buzzer gibi devre elemanlar\u0131n\u0131 kullanma<\/li>\n<li>Hafta: Sens\u00f6rler kullanma (ultrasonik mesafe sens\u00f6r\u00fc, renk sens\u00f6r\u00fc, vb.)<\/li>\n<li>Hafta: Motor s\u00fcr\u00fcc\u00fc devreleri, motor \u00e7e\u015fitleri ve motor kullan\u0131m\u0131<\/li>\n<li>Hafta: \u00d6rnek bir robotik uygulaman\u0131n ger\u00e7ekle\u015ftirilmesi<\/li>\n<\/ol>\n<\/li>\n<li><strong>\u00d6L\u00c7ME VE DE\u011eERLEND\u0130RME:<\/strong> \u2013<\/li>\n<li><strong>E\u011e\u0130T\u0130M PROGRAMI SONUNDA VER\u0130LECEK BELGE T\u00dcR\u00dc:<\/strong> Kat\u0131l\u0131m Belgesi<\/li>\n<li><strong>PROGRAMIN UYGULANMASI \u0130LE \u0130LG\u0130L\u0130 A\u00c7IKLAMALAR: <\/strong>Her kat\u0131l\u0131mc\u0131n\u0131n derslere kat\u0131labilmek i\u00e7in kendi bilgisayar\u0131 ve internet ba\u011flant\u0131s\u0131 bulunmal\u0131d\u0131r. Dersler Microsoft Teams \u00fczerinden sanal s\u0131n\u0131f ortam\u0131nda canl\u0131 olarak ger\u00e7ekle\u015ftirilecektir. Kat\u0131l\u0131mc\u0131lar\u0131n Microsoft Teams\u2019\u0131n masa\u00fcst\u00fc uygulamas\u0131n\u0131 kurmalar\u0131 tavsiye edilmektedir. Alternatif olarak kat\u0131l\u0131mc\u0131lar dersleri Microsoft Teams\u2019in web sitesi olan teams.microsoft.com adresinden de takip edebilirler. Kat\u0131l\u0131mc\u0131lar\u0131n e\u011fitime ba\u015fvuru i\u00e7in kulland\u0131klar\u0131 eposta adresleri sanal s\u0131n\u0131f\u2019e eklenecektir. Sanal s\u0131n\u0131f\u2019a ekleme i\u015flemi yap\u0131ld\u0131\u011f\u0131nda kat\u0131l\u0131mc\u0131lar bir eposta alacaklard\u0131r. Bu epostadaki ba\u011flant\u0131 ile Microsoft Teams\u2019e giri\u015f yapabilirler. E\u011fer daha \u00f6nce bu mail hesab\u0131 ile bir Microsoft hesab\u0131 olu\u015fturulmad\u0131ysa sistem yeni bir Microsoft hesab\u0131 olu\u015fturulmas\u0131 konusunda veya \u015fifreyi s\u0131f\u0131rlama konusunda gerekli y\u00f6nlendirmeleri yapacakt\u0131r.Ders uygulamal\u0131 olarak yap\u0131lacakt\u0131r. Derste bir Arduino set kullan\u0131lacakt\u0131r.<\/li>\n<li><strong>E\u011e\u0130T\u0130MC\u0130LER<\/strong><br \/>\nProf.Dr. Abdullah Kuzu<\/li>\n<\/ol>\n","protected":false},"excerpt":{"rendered":"<p>E\u011e\u0130T\u0130M PROGRAMININ AMACI: Bu e\u011fitimin amac\u0131, kat\u0131l\u0131mc\u0131lara temel d\u00fczeyde robotik kodlama becerisinin kazand\u0131r\u0131lmas\u0131d\u0131r. E\u011e\u0130T\u0130M PROGRAMININ S\u00dcRES\u0130: E\u011fitimler haftal\u0131k 4 saat \u00e7evrimi\u00e7i olmak \u00fczere, 8 hafta s\u00fcresince toplam 32 saattir. E\u011e\u0130T\u0130M PROGRAMININ TAR\u0130H\u0130: Kay\u0131t ve E\u011fitim Harc\u0131n\u0131n\/\u00dccretinin \u00d6denece\u011fi Son Tarih: &#8211; E\u011fitim Tarihi: &#8211; E\u011fitim Saatleri: &#8211; E\u011e\u0130T\u0130M PROGRAMININ YER\u0130: Dersler, internet \u00fczerinden sanal s\u0131n\u0131f ortam\u0131nda [&hellip;]<\/p>\n","protected":false},"author":3,"featured_media":0,"parent":0,"menu_order":0,"comment_status":"closed","ping_status":"closed","template":"","meta":{"footnotes":""},"class_list":["post-2147","page","type-page","status-publish","hentry"],"_links":{"self":[{"href":"https:\/\/uzem.idu.edu.tr\/index.php\/wp-json\/wp\/v2\/pages\/2147","targetHints":{"allow":["GET"]}}],"collection":[{"href":"https:\/\/uzem.idu.edu.tr\/index.php\/wp-json\/wp\/v2\/pages"}],"about":[{"href":"https:\/\/uzem.idu.edu.tr\/index.php\/wp-json\/wp\/v2\/types\/page"}],"author":[{"embeddable":true,"href":"https:\/\/uzem.idu.edu.tr\/index.php\/wp-json\/wp\/v2\/users\/3"}],"replies":[{"embeddable":true,"href":"https:\/\/uzem.idu.edu.tr\/index.php\/wp-json\/wp\/v2\/comments?post=2147"}],"version-history":[{"count":17,"href":"https:\/\/uzem.idu.edu.tr\/index.php\/wp-json\/wp\/v2\/pages\/2147\/revisions"}],"predecessor-version":[{"id":2170,"href":"https:\/\/uzem.idu.edu.tr\/index.php\/wp-json\/wp\/v2\/pages\/2147\/revisions\/2170"}],"wp:attachment":[{"href":"https:\/\/uzem.idu.edu.tr\/index.php\/wp-json\/wp\/v2\/media?parent=2147"}],"curies":[{"name":"wp","href":"https:\/\/api.w.org\/{rel}","templated":true}]}}