{"id":1804,"date":"2017-08-02T11:37:36","date_gmt":"2017-08-02T11:37:36","guid":{"rendered":"http:\/\/rushmore.wpcolorlab.com\/?page_id=275"},"modified":"2025-11-10T23:32:28","modified_gmt":"2025-11-10T21:32:28","slug":"anasayfa","status":"publish","type":"page","link":"https:\/\/uzem.idu.edu.tr\/","title":{"rendered":"Anasayfa"},"content":{"rendered":"<p><section class=\"kc-elm kc-css-549184 kc_row\"><div class=\"kc-row-container  kc-container\"><div class=\"kc-wrap-columns\"><div class=\"kc-elm kc-css-21955 kc_col-sm-4 kc_column kc_col-sm-4\"><div class=\"kc-col-container\">\n<div class=\"kc-elm kc-css-772131 kc-title-wrap \">\n\n\t<h2 class=\"kc_title page-title font-md lil-line\">\u0130D\u00dc Uzaktan E\u011fitim Uygulama ve Ara\u015ft\u0131rma Merkezi <\/h2>\n<\/div>\n<\/div><\/div><div class=\"kc-elm kc-css-682570 kc_col-sm-8 kc_column kc_col-sm-8\"><div class=\"kc-col-container\"><div class=\"kc-elm kc-css-600519 kc_text_block\"><\/p>\n<p>\n2018 y\u0131l\u0131nda kurulan \u0130zmir Demokrasi \u00dcniversitesi Uzaktan E\u011fitim Uygulama ve Ara\u015ft\u0131rma Merkezi, gerek lisans gerekse de lisans\u00fcst\u00fc d\u00fczeyde a\u00e7\u0131lan uzaktan e\u011fitim programlar\u0131 ile \u00f6\u011frencilerimize istedi\u011fi yer ve zamanda \u00f6\u011frenme olana\u011f\u0131 sunmaktad\u0131r. Bunun yan\u0131nda uzaktan e\u011fitim sertifika programlar\u0131 ile de hayatboyu \u00f6\u011frenme kapsam\u0131nda \u00fczerine d\u00fc\u015fen \u00f6nemli bir sorumlulu\u011fu yerine getirmektedir.<\/p>\n<p>\n<\/div><\/div><\/div><\/div><\/div><\/section><section class=\"kc-elm kc-css-881487 kc_row\"><div class=\"kc-row-container  kc-container\"><div class=\"kc-wrap-columns\"><div class=\"kc-elm kc-css-525459 kc_col-sm-12 kc_column kc_col-sm-12\"><div class=\"kc-col-container\"><div class=\"kc-carousel-post kc-elm kc-css-987838 kc-animated kc-animate-eff-fadeInRight\"><h3 class=\"list-post-title\">Duyurular<\/h3><div class=\"kc-owl-post-carousel owl-carousel list-post category \" data-owl-options='{\"items\":\"1\",\"mobile\":\"1\",\"tablet\":\"2\",\"speed\":500,\"navigation\":\"\",\"pagination\":\"yes\",\"autoheight\":\"\",\"autoplay\":\"yes\"}'>\t\t<div class=\"item list-item post-2789\">\n\n\t\t\t<div class=\"post-content\">\n\n\t\t\t\t<h3 class=\"title\"><a href=\"https:\/\/uzem.idu.edu.tr\/index.php\/2026\/04\/01\/duyuru\/\">Duyuru<\/a><\/h3>\n\t\t\t\t<div class=\"kc-entry_meta\"><span class=\"date\"><time class=\"entry-date\" datetime=\"2026-04-01T11:09:56+02:00\">1 Nisan 2026<\/time><\/span><\/div>\n\t\t\t\t<div class=\"in-post-content\">\u00dcniversitemizde yap\u0131lacak olan s\u0131navlarda, aksi belirtilmedi\u011fi s\u00fcrece ders ad\u0131 \u0130ngilizce olan derslerin s\u0131navlar\u0131 \u0130ngilizce dilinde, T\u00fcrk\u00e7e olan derslerin s\u0131navlar\u0131 ise T\u00fcrk\u00e7e dilinde yap\u0131lmaktad\u0131r.<\/div>\n\t\t\t\t\t\t\t\t\t<div class=\"footer-button\">\n\t\t\t\t\t\t<a class=\"kc-read-more\" href=\"https:\/\/uzem.idu.edu.tr\/index.php\/2026\/04\/01\/duyuru\/\">Read more<\/a>\n\t\t\t\t\t<\/div>\n\t\t\t\t\t\t\t<\/div>\n\n\t\t<\/div>\n\t\t<\/div><\/div><\/div><\/div><\/div><\/div><\/section><section class=\"kc-elm kc-css-810269 kc_row\"><div class=\"kc-row-container  kc-container\"><div class=\"kc-wrap-columns\"><div class=\"kc-elm kc-css-642988 kc_col-sm-6 kc_column kc_col-sm-6\"><div class=\"kc-col-container\"> <div class=\"icon-card text-center kc-elm kc-css-815327\"><figure class=\"icon-card-limn\">\n                            <i class=\"ion-ios-lightbulb-outline\"><\/i>\n                          <\/figure>\n                        <h3 class=\"card-title\">Ortak Dersler<\/h3><p>Lisans \u00f6\u011frencilerimiz i\u00e7in a\u00e7\u0131lan ortak dersler (\tAtat\u00fcrk \u0130lkeleri ve \u0130nk\u0131lap Tarihi I-II, T\u00fck Dili I-II ve \u0130ngilizce I-II) dersleri 2019-2020 E\u011fitim \u00d6\u011fretim Y\u0131l\u0131 G\u00fcz d\u00f6nemi itibariyle uzaktan e\u011fitim ile verilmektedir. <\/p>\n\n                <\/div><\/div><\/div><div class=\"kc-elm kc-css-173735 kc_col-sm-6 kc_column kc_col-sm-6\"><div class=\"kc-col-container\"> <div class=\"icon-card text-center kc-elm kc-css-917735\"><figure class=\"icon-card-limn\">\n                            <i class=\"ion-ios-analytics-outline\"><\/i>\n                          <\/figure>\n                        <h3 class=\"card-title\">Etkinlikler<\/h3><p>Dersleri tamamen uzaktan e\u011fitim ile y\u00fcr\u00fctmek veya y\u00fczy\u00fcze derslere destek olmak amac\u0131 ile Microsoft Teams arac\u0131 kullan\u0131labilmektedir. Bu arac\u0131n tan\u0131t\u0131m\u0131na E\u011fitim men\u00fcs\u00fc alt\u0131ndan ula\u015f\u0131labilir. <\/p>\n\n                <\/div><\/div><\/div><\/div><\/div><\/section><\/p>\n","protected":false},"excerpt":{"rendered":"","protected":false},"author":1,"featured_media":299,"parent":0,"menu_order":0,"comment_status":"closed","ping_status":"closed","template":"","meta":{"footnotes":""},"class_list":["post-1804","page","type-page","status-publish","has-post-thumbnail","hentry"],"_links":{"self":[{"href":"https:\/\/uzem.idu.edu.tr\/index.php\/wp-json\/wp\/v2\/pages\/1804","targetHints":{"allow":["GET"]}}],"collection":[{"href":"https:\/\/uzem.idu.edu.tr\/index.php\/wp-json\/wp\/v2\/pages"}],"about":[{"href":"https:\/\/uzem.idu.edu.tr\/index.php\/wp-json\/wp\/v2\/types\/page"}],"author":[{"embeddable":true,"href":"https:\/\/uzem.idu.edu.tr\/index.php\/wp-json\/wp\/v2\/users\/1"}],"replies":[{"embeddable":true,"href":"https:\/\/uzem.idu.edu.tr\/index.php\/wp-json\/wp\/v2\/comments?post=1804"}],"version-history":[{"count":37,"href":"https:\/\/uzem.idu.edu.tr\/index.php\/wp-json\/wp\/v2\/pages\/1804\/revisions"}],"predecessor-version":[{"id":1920,"href":"https:\/\/uzem.idu.edu.tr\/index.php\/wp-json\/wp\/v2\/pages\/1804\/revisions\/1920"}],"wp:featuredmedia":[{"embeddable":true,"href":"https:\/\/uzem.idu.edu.tr\/index.php\/wp-json\/wp\/v2\/media\/299"}],"wp:attachment":[{"href":"https:\/\/uzem.idu.edu.tr\/index.php\/wp-json\/wp\/v2\/media?parent=1804"}],"curies":[{"name":"wp","href":"https:\/\/api.w.org\/{rel}","templated":true}]}}